{"id":110,"date":"2012-11-01T10:27:24","date_gmt":"2012-11-01T10:27:24","guid":{"rendered":"http:\/\/s438861258.online.de\/?page_id=110"},"modified":"2012-11-09T18:20:42","modified_gmt":"2012-11-09T18:20:42","slug":"pulstraining","status":"publish","type":"page","link":"http:\/\/passion-bike.de\/?page_id=110","title":{"rendered":"Pulstraining"},"content":{"rendered":"<p><strong>Wie trainiere ich richtig &#8211; oder was ist mein Trainings &#8211; Ziel ?<\/strong><\/p>\n<p>Die <em><strong>maximale Herzfrequenz (mHf)<\/strong><\/em> errechnet man durch <em><strong>220 (M\u00e4nner) bzw. 226 (Frauen) minus Lebensalter<\/strong><\/em>. Wie oben schon beschrieben wird noch zwischen Frauen und M\u00e4nnern unterschieden, aber um das Prinzip zu erkl\u00e4ren, bleiben wir bei dem Beispiel eines Mannes. Sie sind also 40 Jahre alt, dann haben Sie eine mHf von 180.Diese 180 sollten Sie so schnell nicht erreichen, oder besser gesagt es w\u00e4re ziemlich ungesund, in diesen Bereichen zu trainieren und Spa\u00df haben Sie wahrscheinlich auch keinen dabei.<\/p>\n<p>Ein Training bei einer Herzfrequenz von <em><strong>50-60 % Ihrer maximalen Herzfrequenz<\/strong><\/em> f\u00f6rdert die <strong><em>Stabilisierung Ihrer Gesundheit<\/em><\/strong>. Das w\u00e4re dann in diesem Fall zwischen 90 und 108. Dabei handelt es sich um leichtes Training, das jedoch schon einen gesundheitlichen Nutzen bringt. Sich sportlich zu bet\u00e4tigen und in diesem Bereich zu bleiben ist schon schwierig, Sie werden merken wie schnell Ihr Puls &#8222;hochjagt&#8220;. Grunds\u00e4tzlich geht ein Training erstmal um die Ausdauer und dann um die Schnelligkeit. Wenn Sie eine Stunde mit einer relativ konstanten Herzfrequenz biken k\u00f6nnen, dann k\u00f6nnen Sie sich im zweiten Schritt steigern und schneller biken.<\/p>\n<p>Wenn Sie die Herzfrequenz auf <strong><em>60-70 % Ihrer maximalen Herzfrequenz<\/em><\/strong> steigerern, betreiben Sie ein Training zur <strong><em>Aktivierung des Fettstoffwechsels<\/em><\/strong>. In unserem Beispiel 108-126. Diese Herzfrequenz ist gut f\u00fcr die Fitness und f\u00f6rdert die Gewichtsreduktion. Ein optimaler Bereich, der auch mit etwas \u00dcbung schnell erreicht werden kann. Immer gilt: Ist der Puls zu hoch f\u00fcr Ihren gew\u00fcnschten Bereich, senken Sie das Tempo!<\/p>\n<p>Ein Training bei <em><strong>70-85 % Ihrer maximalen Herzfrequenz<\/strong><\/em> eignet sich zur <em><strong>Verbesserung der Fitness<\/strong><\/em>. (Bsp: 126-153) Hier ist das Training schon anstrengender, aber es lohnt sich &#8211; vorausgesetzt, Sie haben Spa\u00df daran.<\/p>\n<p>Das anaerobe Training, bei dem der Sauerstoff f\u00fcr die Muskeln nicht mehr ausreicht, erreichen Sie bei <em><strong>\u00fcber 85% der maximalen Herzfrequenz<\/strong><\/em>. Es f\u00fchrt zu einer \u00dcbers\u00e4uerung der Muskulatur. Deshalb ist anaerobes Training nur f\u00fcr <strong><em>wettkampfspezifisches Training<\/em><\/strong> empfehlenswert. Das Sie anaerob verbrannt haben, merken Sie auch am Muskelkater danach. Beim vern\u00fcnftigen Trainieren bekommen Sie keinen.<\/p>\n<p>Die sp\u00e4ter unter &#8222;Herzfrequenzen f\u00fcr Frauen und M\u00e4nner&#8220; nachfolgende Tabelle gibt eine nach Alter gestaffelte \u00dcbersicht \u00fcber die 3 beschriebenen Herzfrequenz-Zielzonen.<br \/>\n<strong> <\/strong><\/p>\n<p><strong>Puls und Abnehmen?<\/strong><\/p>\n<p>Frauen 226 \/ M\u00e4nner 220 minus Alter = 100 % = HFmax (maximale Herzfrequenz)<br \/>\nDavon: 70-80 % Kohle- hydratstoffwechselpuls, 60-70 % Fettstoffwechselpuls.<\/p>\n<p>Die komplexen Stoffwechselvorg\u00e4nge kann man mit folgendem Beispiel vergleichen:<br \/>\nNehmen wir an, Sie m\u00f6chten ein Fetttr\u00f6pfchen (= in unserem nachfolgendem Beispiel ein Holzscheit) verbrennen. Um es richtig zum Lodern zu bringen, brauchen Sie ein Z\u00fcndholz (Bewegung) und als Zwischenbrennstoff Papier. Erst brennen Sie das Papier an, in unserem Fall Ihre Kohlenhydrate, die in der Muskulatur gespeichert sind, anschlie\u00dfend k\u00f6nnen Sie mit dem Papier ihr Holzscheit zum brennen bringen bzw. verbrennen.<br \/>\nDas bedeutet: <em><strong>Fette verbrennen<\/strong><\/em> im Feuer der Kohlenhydrate. Sie trainieren die ersten <em><strong>10 bis 15 Minuten in ihrem Kohlenhydratstoffwechsel<\/strong><\/em> (70-80 % Ihrer maximalen Herzfrequenz, anschlie\u00dfend schalten Sie <em><strong>f\u00fcr etwa 20 bis 30 Minuten auf Ihren Fettstoffwechselpuls<\/strong><\/em> (60-70 % Ihrer maximalen Herzfrequenz) um.<br \/>\nSie werden staunen &#8211; egal wie stark Sie auch ins Schwitzen kommen &#8211; die Anstrengung h\u00e4lt sich dabei in Grenzen. F\u00fcr Einsteiger wird erst einmal ein Training in der gesamten Zone 60-80 % empfohlen, damit sich der K\u00f6rper an das Pulstraining gew\u00f6hnen kann.<br \/>\nHilft Krafttraining auch beim Fettabbau ?<br \/>\nJa &#8211; \u201eBeim Krafttraining vergr\u00f6\u00dfern Sie Ihre Kohlehydratspeicher und somit auch Ihren Z\u00fcndstoff zur Fettverbrennung. Sie k\u00f6nnen Ihren Z\u00fcndstoff sogar verdoppeln.\u201c Untrainierte haben etwa 300 g Kohlenhydrate, Trainierte bis zu 600 g in der Muskulatur gespeichert. Trainierte Muskeln n\u00fctzen also nicht nur Ihr Skelett sondern vergr\u00f6\u00dfern auch Ihr Potenzial zur Fettverbrennung.<\/p>\n<p><strong>Herzfrequenzen f\u00fcr Frauen und M\u00e4nner<\/strong><br \/>\nDie Tabelle stellt eine Richtschnur dar &#8211; bitte suchen Sie vor dem Training Ihren Arzt auf und lassen Sie sich auf Ihren Gesundheitszustand hin untersuchen. Stimmen Sie dann mit Ihrem Arzt das Training ab.<\/p>\n<p><strong>Frauen<\/strong><\/p>\n<table width=\"100%\" border=\"1\" cellspacing=\"0\" cellpadding=\"0\">\n<tbody>\n<tr>\n<td valign=\"top\">\n<table width=\"40\" border=\"0\" cellspacing=\"0\" cellpadding=\"0\" align=\"center\" bgcolor=\"#ffffff\">\n<tbody>\n<tr>\n<td nowrap=\"nowrap\">\n<p align=\"center\"><strong>Alter<\/strong><\/p>\n<\/td>\n<\/tr>\n<\/tbody>\n<\/table>\n<\/td>\n<td>\n<table width=\"40\" border=\"0\" cellspacing=\"0\" cellpadding=\"0\" align=\"center\" bgcolor=\"#ffffff\">\n<tbody>\n<tr>\n<td nowrap=\"nowrap\">\n<p align=\"center\"><strong>Maximale<br \/>\nHerzfrequenz<\/strong><\/p>\n<\/td>\n<\/tr>\n<\/tbody>\n<\/table>\n<\/td>\n<td>\n<table width=\"40\" border=\"0\" cellspacing=\"0\" cellpadding=\"0\" align=\"center\" bgcolor=\"#ffffff\">\n<tbody>\n<tr>\n<td nowrap=\"nowrap\">\n<p align=\"center\"><strong>stabile<br \/>\nGesundheit<\/strong><\/p>\n<\/td>\n<\/tr>\n<\/tbody>\n<\/table>\n<\/td>\n<td>\n<table width=\"40\" border=\"0\" cellspacing=\"0\" cellpadding=\"0\" align=\"center\" bgcolor=\"#ffffff\">\n<tbody>\n<tr>\n<td nowrap=\"nowrap\">\n<p align=\"center\"><strong>stoffwechsel<\/strong><\/p>\n<\/td>\n<\/tr>\n<\/tbody>\n<\/table>\n<\/td>\n<td>\n<table width=\"40\" border=\"0\" cellspacing=\"0\" cellpadding=\"0\" align=\"center\" bgcolor=\"#ffffff\">\n<tbody>\n<tr>\n<td nowrap=\"nowrap\">\n<p align=\"center\"><strong>verbesserte<br \/>\nFitness<\/strong><\/p>\n<\/td>\n<\/tr>\n<\/tbody>\n<\/table>\n<\/td>\n<\/tr>\n<tr>\n<td valign=\"top\">\n<p align=\"center\">25<\/p>\n<\/td>\n<td>\n<p align=\"center\">201<\/p>\n<\/td>\n<td>\n<p align=\"center\">101-121<\/p>\n<\/td>\n<td>\n<p align=\"center\">121-141<\/p>\n<\/td>\n<td>\n<p align=\"center\">141-171<\/p>\n<\/td>\n<\/tr>\n<tr>\n<td valign=\"top\">\n<p align=\"center\">30<\/p>\n<\/td>\n<td>\n<p align=\"center\">196<\/p>\n<\/td>\n<td>\n<p align=\"center\">98-118<\/p>\n<\/td>\n<td>\n<p align=\"center\">118-137<\/p>\n<\/td>\n<td>\n<p align=\"center\">137-167<\/p>\n<\/td>\n<\/tr>\n<tr>\n<td valign=\"top\">\n<p align=\"center\">35<\/p>\n<\/td>\n<td>\n<p align=\"center\">191<\/p>\n<\/td>\n<td>\n<p align=\"center\">95-115<\/p>\n<\/td>\n<td>\n<p align=\"center\">115-134<\/p>\n<\/td>\n<td>\n<p align=\"center\">134-162<\/p>\n<\/td>\n<\/tr>\n<tr>\n<td valign=\"top\">\n<p align=\"center\">40<\/p>\n<\/td>\n<td>\n<p align=\"center\">186<\/p>\n<\/td>\n<td>\n<p align=\"center\">93-112<\/p>\n<\/td>\n<td>\n<p align=\"center\">112-130<\/p>\n<\/td>\n<td>\n<p align=\"center\">130-158<\/p>\n<\/td>\n<\/tr>\n<tr>\n<td valign=\"top\">\n<p align=\"center\">45<\/p>\n<\/td>\n<td>\n<p align=\"center\">181<\/p>\n<\/td>\n<td>\n<p align=\"center\">91-109<\/p>\n<\/td>\n<td>\n<p align=\"center\">109-127<\/p>\n<\/td>\n<td>\n<p align=\"center\">127-154<\/p>\n<\/td>\n<\/tr>\n<tr>\n<td valign=\"top\">\n<p align=\"center\">50<\/p>\n<\/td>\n<td>\n<p align=\"center\">176<\/p>\n<\/td>\n<td>\n<p align=\"center\">88-106<\/p>\n<\/td>\n<td>\n<p align=\"center\">106-123<\/p>\n<\/td>\n<td>\n<p align=\"center\">123-150<\/p>\n<\/td>\n<\/tr>\n<tr>\n<td valign=\"top\">\n<p align=\"center\">55<\/p>\n<\/td>\n<td>\n<p align=\"center\">171<\/p>\n<\/td>\n<td>\n<p align=\"center\">86-103<\/p>\n<\/td>\n<td>\n<p align=\"center\">103-120<\/p>\n<\/td>\n<td>\n<p align=\"center\">120-145<\/p>\n<\/td>\n<\/tr>\n<tr>\n<td valign=\"top\">\n<p align=\"center\">60<\/p>\n<\/td>\n<td>\n<p align=\"center\">166<\/p>\n<\/td>\n<td>\n<p align=\"center\">83-100<\/p>\n<\/td>\n<td>\n<p align=\"center\">100-116<\/p>\n<\/td>\n<td>\n<p align=\"center\">116-141<\/p>\n<\/td>\n<\/tr>\n<tr>\n<td valign=\"top\">\n<p align=\"center\">65<\/p>\n<\/td>\n<td>\n<p align=\"center\">161<\/p>\n<\/td>\n<td>\n<p align=\"center\">81-97<\/p>\n<\/td>\n<td>\n<p align=\"center\">97-113<\/p>\n<\/td>\n<td>\n<p align=\"center\">113-137<\/p>\n<\/td>\n<\/tr>\n<\/tbody>\n<\/table>\n<p><strong>M\u00e4nner<\/strong><\/p>\n<table width=\"100%\" border=\"1\" cellspacing=\"0\" cellpadding=\"0\">\n<tbody>\n<tr>\n<td valign=\"top\">\n<table width=\"40\" border=\"0\" cellspacing=\"0\" cellpadding=\"0\" align=\"center\" bgcolor=\"#ffffff\">\n<tbody>\n<tr>\n<td nowrap=\"nowrap\">\n<p align=\"center\"><strong>Alter<\/strong><\/p>\n<\/td>\n<\/tr>\n<\/tbody>\n<\/table>\n<\/td>\n<td>\n<table width=\"40\" border=\"0\" cellspacing=\"0\" cellpadding=\"0\" align=\"center\" bgcolor=\"#ffffff\">\n<tbody>\n<tr>\n<td nowrap=\"nowrap\">\n<p align=\"center\"><strong>Maximale<br \/>\nHerzfrequenz<\/strong><\/p>\n<\/td>\n<\/tr>\n<\/tbody>\n<\/table>\n<\/td>\n<td>\n<table width=\"40\" border=\"0\" cellspacing=\"0\" cellpadding=\"0\" align=\"center\" bgcolor=\"#ffffff\">\n<tbody>\n<tr>\n<td nowrap=\"nowrap\">\n<p align=\"center\"><strong>stabile<br \/>\nGesundheit<\/strong><\/p>\n<\/td>\n<\/tr>\n<\/tbody>\n<\/table>\n<\/td>\n<td>\n<table width=\"40\" border=\"0\" cellspacing=\"0\" cellpadding=\"0\" align=\"center\" bgcolor=\"#ffffff\">\n<tbody>\n<tr>\n<td nowrap=\"nowrap\">\n<p align=\"center\"><strong>stoffwechsel<\/strong><\/p>\n<\/td>\n<\/tr>\n<\/tbody>\n<\/table>\n<\/td>\n<td>\n<table width=\"40\" border=\"0\" cellspacing=\"0\" cellpadding=\"0\" align=\"center\" bgcolor=\"#ffffff\">\n<tbody>\n<tr>\n<td nowrap=\"nowrap\">\n<p align=\"center\"><strong>verbesserte<br \/>\nFitness<\/strong><\/p>\n<\/td>\n<\/tr>\n<\/tbody>\n<\/table>\n<\/td>\n<\/tr>\n<tr>\n<td valign=\"top\">\n<p align=\"center\">25<\/p>\n<\/td>\n<td>\n<p align=\"center\">195<\/p>\n<\/td>\n<td>\n<p align=\"center\">97-117<\/p>\n<\/td>\n<td>\n<p align=\"center\">117-136<\/p>\n<\/td>\n<td>\n<p align=\"center\">136-165<\/p>\n<\/td>\n<\/tr>\n<tr>\n<td valign=\"top\">\n<p align=\"center\">30<\/p>\n<\/td>\n<td>\n<p align=\"center\">190<\/p>\n<\/td>\n<td>\n<p align=\"center\">95-114<\/p>\n<\/td>\n<td>\n<p align=\"center\">114-133<\/p>\n<\/td>\n<td>\n<p align=\"center\">133-161<\/p>\n<\/td>\n<\/tr>\n<tr>\n<td valign=\"top\">\n<p align=\"center\">35<\/p>\n<\/td>\n<td>\n<p align=\"center\">185<\/p>\n<\/td>\n<td>\n<p align=\"center\">92-111<\/p>\n<\/td>\n<td>\n<p align=\"center\">111-129<\/p>\n<\/td>\n<td>\n<p align=\"center\">129-157<\/p>\n<\/td>\n<\/tr>\n<tr>\n<td valign=\"top\">\n<p align=\"center\">40<\/p>\n<\/td>\n<td>\n<p align=\"center\">180<\/p>\n<\/td>\n<td>\n<p align=\"center\">90-108<\/p>\n<\/td>\n<td>\n<p align=\"center\">108-126<\/p>\n<\/td>\n<td>\n<p align=\"center\">126-153<\/p>\n<\/td>\n<\/tr>\n<tr>\n<td valign=\"top\">\n<p align=\"center\">45<\/p>\n<\/td>\n<td>\n<p align=\"center\">175<\/p>\n<\/td>\n<td>\n<p align=\"center\">87-105<\/p>\n<\/td>\n<td>\n<p align=\"center\">105-122<\/p>\n<\/td>\n<td>\n<p align=\"center\">122-148<\/p>\n<\/td>\n<\/tr>\n<tr>\n<td valign=\"top\">\n<p align=\"center\">50<\/p>\n<\/td>\n<td>\n<p align=\"center\">170<\/p>\n<\/td>\n<td>\n<p align=\"center\">85-102<\/p>\n<\/td>\n<td>\n<p align=\"center\">102-119<\/p>\n<\/td>\n<td>\n<p align=\"center\">119-144<\/p>\n<\/td>\n<\/tr>\n<tr>\n<td valign=\"top\">\n<p align=\"center\">55<\/p>\n<\/td>\n<td>\n<p align=\"center\">165<\/p>\n<\/td>\n<td>\n<p align=\"center\">82-99<\/p>\n<\/td>\n<td>\n<p align=\"center\">99-115<\/p>\n<\/td>\n<td>\n<p align=\"center\">115-140<\/p>\n<\/td>\n<\/tr>\n<tr>\n<td valign=\"top\">\n<p align=\"center\">60<\/p>\n<\/td>\n<td>\n<p align=\"center\">160<\/p>\n<\/td>\n<td>\n<p align=\"center\">80-96<\/p>\n<\/td>\n<td>\n<p align=\"center\">96-112<\/p>\n<\/td>\n<td>\n<p align=\"center\">112-136<\/p>\n<\/td>\n<\/tr>\n<tr>\n<td valign=\"top\">\n<p align=\"center\">65<\/p>\n<\/td>\n<td>\n<p align=\"center\">155<\/p>\n<\/td>\n<td>\n<p align=\"center\">77-93<\/p>\n<\/td>\n<td>\n<p align=\"center\">93-108<\/p>\n<\/td>\n<td>\n<p align=\"center\">108-131<\/p>\n<\/td>\n<\/tr>\n<\/tbody>\n<\/table>\n<p><strong>Zum Schluss noch eine Tipp f\u00fcr Leute im S\u00fcdlichen Schwarzwald.<\/strong><br \/>\nDas Institut f\u00fcr Sportmedizin &#8211; am Herzzentrum Lahr &#8211; dort kann man sich f\u00fcr einen noch vertretbaren Geldbetrag testen und beraten lassen.<br \/>\nSie bieten nachfolgendes Angebot:<\/p>\n<ul>\n<li>Sportmedizinische Anamnese<\/li>\n<li>K\u00f6rperliche Untersuchung<\/li>\n<li>Labor einschlie\u00dflich Stoffwechselparameter<\/li>\n<li>EKG<\/li>\n<li>Herz-Ultraschall (Echo)<\/li>\n<li>Spiroergometrischer Belastungstest mit Erstellung einer Laktatkinetikkurve<\/li>\n<li>Individuelle Trainingsempfehlung<\/li>\n<\/ul>\n<p>Gutes Preisleistungsverh\u00e4ltnis. Sportmediziner und Herzspezialisten &#8211; was w\u00fcnscht man sich mehr.<br \/>\n<a href=\"http:\/\/www.heart-lahr.com\/\" target=\"_blank\">Institut f\u00fcr Sportmedizin &#8211; am Herzzentrum Lahr <\/a><\/p>\n","protected":false},"excerpt":{"rendered":"<p>Wie trainiere ich richtig &#8211; oder was ist mein Trainings &#8211; Ziel ? Die maximale Herzfrequenz (mHf) errechnet man durch 220 (M\u00e4nner) bzw. 226 (Frauen) minus Lebensalter. Wie oben schon beschrieben wird noch zwischen Frauen und M\u00e4nnern unterschieden, aber um &hellip; <a href=\"http:\/\/passion-bike.de\/?page_id=110\">Weiterlesen <span class=\"meta-nav\">&rarr;<\/span><\/a><\/p>\n","protected":false},"author":1,"featured_media":0,"parent":348,"menu_order":0,"comment_status":"closed","ping_status":"closed","template":"","meta":{"footnotes":""},"class_list":["post-110","page","type-page","status-publish","hentry"],"_links":{"self":[{"href":"http:\/\/passion-bike.de\/index.php?rest_route=\/wp\/v2\/pages\/110","targetHints":{"allow":["GET"]}}],"collection":[{"href":"http:\/\/passion-bike.de\/index.php?rest_route=\/wp\/v2\/pages"}],"about":[{"href":"http:\/\/passion-bike.de\/index.php?rest_route=\/wp\/v2\/types\/page"}],"author":[{"embeddable":true,"href":"http:\/\/passion-bike.de\/index.php?rest_route=\/wp\/v2\/users\/1"}],"replies":[{"embeddable":true,"href":"http:\/\/passion-bike.de\/index.php?rest_route=%2Fwp%2Fv2%2Fcomments&post=110"}],"version-history":[{"count":1,"href":"http:\/\/passion-bike.de\/index.php?rest_route=\/wp\/v2\/pages\/110\/revisions"}],"predecessor-version":[{"id":364,"href":"http:\/\/passion-bike.de\/index.php?rest_route=\/wp\/v2\/pages\/110\/revisions\/364"}],"up":[{"embeddable":true,"href":"http:\/\/passion-bike.de\/index.php?rest_route=\/wp\/v2\/pages\/348"}],"wp:attachment":[{"href":"http:\/\/passion-bike.de\/index.php?rest_route=%2Fwp%2Fv2%2Fmedia&parent=110"}],"curies":[{"name":"wp","href":"https:\/\/api.w.org\/{rel}","templated":true}]}}