{"id":117,"date":"2012-11-01T10:33:18","date_gmt":"2012-11-01T10:33:18","guid":{"rendered":"http:\/\/s438861258.online.de\/?page_id=117"},"modified":"2012-11-09T18:20:17","modified_gmt":"2012-11-09T18:20:17","slug":"laufrad-1x1","status":"publish","type":"page","link":"http:\/\/passion-bike.de\/?page_id=117","title":{"rendered":"Laufrad 1&#215;1"},"content":{"rendered":"<p><a href=\"http:\/\/passion-bike.de\/?page_id=133\">\u00dcberblick &#8211; Laufrad<\/a><\/p>\n<p><a href=\"http:\/\/passion-bike.de\/?page_id=135\">Detailwissen \u00fcber Laufrads\u00e4tze (LRS)<\/a><\/p>\n<p><a href=\"http:\/\/passion-bike.de\/?page_id=137\">Laufrad &amp; Gruppen (Windschattenfahrten)<\/a><\/p>\n<p><a href=\"http:\/\/passion-bike.de\/?page_id=139\">Was man \u00fcber Reifen wissen mu\u00df. <\/a><\/p>\n<p><a href=\"http:\/\/passion-bike.de\/?page_id=141\">Die Zusammenfassung.<\/a><\/p>\n","protected":false},"excerpt":{"rendered":"<p>\u00dcberblick &#8211; Laufrad Detailwissen \u00fcber Laufrads\u00e4tze (LRS) Laufrad &amp; Gruppen (Windschattenfahrten) Was man \u00fcber Reifen wissen mu\u00df. Die Zusammenfassung.<\/p>\n","protected":false},"author":1,"featured_media":0,"parent":346,"menu_order":0,"comment_status":"closed","ping_status":"closed","template":"","meta":{"footnotes":""},"class_list":["post-117","page","type-page","status-publish","hentry"],"_links":{"self":[{"href":"http:\/\/passion-bike.de\/index.php?rest_route=\/wp\/v2\/pages\/117","targetHints":{"allow":["GET"]}}],"collection":[{"href":"http:\/\/passion-bike.de\/index.php?rest_route=\/wp\/v2\/pages"}],"about":[{"href":"http:\/\/passion-bike.de\/index.php?rest_route=\/wp\/v2\/types\/page"}],"author":[{"embeddable":true,"href":"http:\/\/passion-bike.de\/index.php?rest_route=\/wp\/v2\/users\/1"}],"replies":[{"embeddable":true,"href":"http:\/\/passion-bike.de\/index.php?rest_route=%2Fwp%2Fv2%2Fcomments&post=117"}],"version-history":[{"count":3,"href":"http:\/\/passion-bike.de\/index.php?rest_route=\/wp\/v2\/pages\/117\/revisions"}],"predecessor-version":[{"id":362,"href":"http:\/\/passion-bike.de\/index.php?rest_route=\/wp\/v2\/pages\/117\/revisions\/362"}],"up":[{"embeddable":true,"href":"http:\/\/passion-bike.de\/index.php?rest_route=\/wp\/v2\/pages\/346"}],"wp:attachment":[{"href":"http:\/\/passion-bike.de\/index.php?rest_route=%2Fwp%2Fv2%2Fmedia&parent=117"}],"curies":[{"name":"wp","href":"https:\/\/api.w.org\/{rel}","templated":true}]}}