{"id":141,"date":"2012-11-01T11:07:01","date_gmt":"2012-11-01T10:07:01","guid":{"rendered":"http:\/\/s438861258.online.de\/?page_id=141"},"modified":"2012-11-01T11:07:01","modified_gmt":"2012-11-01T10:07:01","slug":"zusammenfassung","status":"publish","type":"page","link":"http:\/\/passion-bike.de\/?page_id=141","title":{"rendered":"Zusammenfassung"},"content":{"rendered":"<p>In einer halbwegs aerodynamischen Sitzposition ben\u00f6tigt ein Rennradfahrer (Fahrer 73kg + Rad 7kg) f\u00fcr ein Tempo von 35 km\/h ca. 220 Watt.<\/p>\n<p>Das entspricht einem cwA Wert von ca. 0,326.<br \/>\n(bei der Annahme von Standard LRS, Systemgewichts von 80kg und 98% Wirkungsgrad = Rollwiderstandswert von cr von 0,004)<\/p>\n<p>\u00dcberpr\u00fcft man nun Kombinationen @35 km\/h von LRS und Reifen zeigt sich z.B. nachfolgendes:<\/p>\n<p><strong>Die Basis aus unserem Beispiel: <\/strong><\/p>\n<blockquote><p> Standard LRS ca. 12,2 Watt<br \/>\nContinental GP 4 Season ca. 53,9 Watt<br \/>\ntotal: 66,1 Watt<br \/>\nDas ist ca. 30% Gesamtleistung<\/p><\/blockquote>\n<p><strong>Optimierungsm\u00f6glichkeit 1: <\/strong><\/p>\n<blockquote><p> Citec 3000 Aero ca. 8,5 Watt<br \/>\nContinental GP 4000S ca. 34,4 Watt<br \/>\ntotal: 42,9 Watt<br \/>\nDas ist ca. 19,5% der Gesamtleistung<br \/>\nKosten LRS: 699 \u20ac<br \/>\nKosten Reifen: 2x 44,90 \u20ac<\/p><\/blockquote>\n<p><strong>Optimierungsm\u00f6glichkeit 2: <\/strong><\/p>\n<blockquote><p> Shimano WH-R 561 ca. 8,8 Watt<br \/>\nContinental GP 4000S ca. 34,4 Watt<br \/>\ntotal: 43,1 Watt<br \/>\nDas ist ca. 19,6% der Gesamtleistung<br \/>\nLRS: 164 \u20ac<br \/>\nKosten Reifen: 2x 44,90 \u20ac<\/p>\n<p><strong><em>Erg\u00e4nzung (Januar 2009) Leider ist dieser LRS neu nicht mehr verf\u00fcgbar.<\/em><\/strong><\/p><\/blockquote>\n<p>Eine Reduzierung der ben\u00f6tigten Gesamtleistung von ca. 11% ist m\u00f6glich durch den Einsatz von anderen Laufr\u00e4dern und Reifen.<br \/>\nDas die Reduzierung der Wattzahl ist auch mit wenig Kapitaleinsatz erreichbar zeigt das Optimierungsbeispiel 2 (Shimano LRS).<br \/>\nDie einfachste M\u00f6glichkeit ist jedoch die neuen Reifen clever w\u00e4hlen.<\/p>\n","protected":false},"excerpt":{"rendered":"<p>In einer halbwegs aerodynamischen Sitzposition ben\u00f6tigt ein Rennradfahrer (Fahrer 73kg + Rad 7kg) f\u00fcr ein Tempo von 35 km\/h ca. 220 Watt. Das entspricht einem cwA Wert von ca. 0,326. (bei der Annahme von Standard LRS, Systemgewichts von 80kg und &hellip; <a href=\"http:\/\/passion-bike.de\/?page_id=141\">Weiterlesen <span class=\"meta-nav\">&rarr;<\/span><\/a><\/p>\n","protected":false},"author":1,"featured_media":0,"parent":117,"menu_order":0,"comment_status":"closed","ping_status":"closed","template":"","meta":{"footnotes":""},"class_list":["post-141","page","type-page","status-publish","hentry"],"_links":{"self":[{"href":"http:\/\/passion-bike.de\/index.php?rest_route=\/wp\/v2\/pages\/141","targetHints":{"allow":["GET"]}}],"collection":[{"href":"http:\/\/passion-bike.de\/index.php?rest_route=\/wp\/v2\/pages"}],"about":[{"href":"http:\/\/passion-bike.de\/index.php?rest_route=\/wp\/v2\/types\/page"}],"author":[{"embeddable":true,"href":"http:\/\/passion-bike.de\/index.php?rest_route=\/wp\/v2\/users\/1"}],"replies":[{"embeddable":true,"href":"http:\/\/passion-bike.de\/index.php?rest_route=%2Fwp%2Fv2%2Fcomments&post=141"}],"version-history":[{"count":0,"href":"http:\/\/passion-bike.de\/index.php?rest_route=\/wp\/v2\/pages\/141\/revisions"}],"up":[{"embeddable":true,"href":"http:\/\/passion-bike.de\/index.php?rest_route=\/wp\/v2\/pages\/117"}],"wp:attachment":[{"href":"http:\/\/passion-bike.de\/index.php?rest_route=%2Fwp%2Fv2%2Fmedia&parent=141"}],"curies":[{"name":"wp","href":"https:\/\/api.w.org\/{rel}","templated":true}]}}