{"id":147,"date":"2012-11-01T11:18:13","date_gmt":"2012-11-01T11:18:13","guid":{"rendered":"http:\/\/s438861258.online.de\/?page_id=147"},"modified":"2012-11-09T18:19:53","modified_gmt":"2012-11-09T18:19:53","slug":"langlauf-infos","status":"publish","type":"page","link":"http:\/\/passion-bike.de\/?page_id=147","title":{"rendered":"Langlauf Infos"},"content":{"rendered":"<p><strong><em>Eine kleine Auswahl von empfehlenswerten Links  &#8211; rund um das Thema Langlauf.<\/em> <\/strong><\/p>\n<p><a href=\"http:\/\/www.loipenportal.de\/\" target=\"_blank\"><strong>Loipenportal.de<\/strong><\/a><br \/>\nEine der besten \u00dcbersichten die wir kennen (Schwierigkeitsgrade, Schneeh\u00f6he,&#8230;)<\/p>\n<p><a href=\"http:\/\/www.langlauf-loipen.de\/\" target=\"_blank\"><strong>Langlauf-loipen.de<\/strong><\/a><br \/>\nEine etwas \u00e4ltere \u00dcbersicht.  (incl. H\u00f6henprofil).<\/p>\n<p>Wenn der Schnee mal knapp ist empfehlen wir den <a href=\"http:\/\/www.freiburg-schwarzwald.de\/feldberg-loipe.htm\" target=\"_blank\">Hochkopfweg<\/a> (Vorsicht beim Anfang der Loipe &#8211; lieber ein St\u00fcck zu Fu\u00df gehen &#8211; oft vereist &#8211; sp\u00e4ter dann im Wald eine perfekte Loipe)<\/p>\n","protected":false},"excerpt":{"rendered":"<p>Eine kleine Auswahl von empfehlenswerten Links &#8211; rund um das Thema Langlauf. Loipenportal.de Eine der besten \u00dcbersichten die wir kennen (Schwierigkeitsgrade, Schneeh\u00f6he,&#8230;) Langlauf-loipen.de Eine etwas \u00e4ltere \u00dcbersicht. (incl. H\u00f6henprofil). Wenn der Schnee mal knapp ist empfehlen wir den Hochkopfweg (Vorsicht &hellip; <a href=\"http:\/\/passion-bike.de\/?page_id=147\">Weiterlesen <span class=\"meta-nav\">&rarr;<\/span><\/a><\/p>\n","protected":false},"author":1,"featured_media":0,"parent":348,"menu_order":0,"comment_status":"closed","ping_status":"closed","template":"","meta":{"footnotes":""},"class_list":["post-147","page","type-page","status-publish","hentry"],"_links":{"self":[{"href":"http:\/\/passion-bike.de\/index.php?rest_route=\/wp\/v2\/pages\/147","targetHints":{"allow":["GET"]}}],"collection":[{"href":"http:\/\/passion-bike.de\/index.php?rest_route=\/wp\/v2\/pages"}],"about":[{"href":"http:\/\/passion-bike.de\/index.php?rest_route=\/wp\/v2\/types\/page"}],"author":[{"embeddable":true,"href":"http:\/\/passion-bike.de\/index.php?rest_route=\/wp\/v2\/users\/1"}],"replies":[{"embeddable":true,"href":"http:\/\/passion-bike.de\/index.php?rest_route=%2Fwp%2Fv2%2Fcomments&post=147"}],"version-history":[{"count":1,"href":"http:\/\/passion-bike.de\/index.php?rest_route=\/wp\/v2\/pages\/147\/revisions"}],"predecessor-version":[{"id":360,"href":"http:\/\/passion-bike.de\/index.php?rest_route=\/wp\/v2\/pages\/147\/revisions\/360"}],"up":[{"embeddable":true,"href":"http:\/\/passion-bike.de\/index.php?rest_route=\/wp\/v2\/pages\/348"}],"wp:attachment":[{"href":"http:\/\/passion-bike.de\/index.php?rest_route=%2Fwp%2Fv2%2Fmedia&parent=147"}],"curies":[{"name":"wp","href":"https:\/\/api.w.org\/{rel}","templated":true}]}}