{"id":149,"date":"2012-11-01T11:19:19","date_gmt":"2012-11-01T11:19:19","guid":{"rendered":"http:\/\/s438861258.online.de\/?page_id=149"},"modified":"2012-11-09T18:21:10","modified_gmt":"2012-11-09T18:21:10","slug":"schaltung-einstellen","status":"publish","type":"page","link":"http:\/\/passion-bike.de\/?page_id=149","title":{"rendered":"Schaltung einstellen"},"content":{"rendered":"<p align=\"left\">Nachfolgend finden Sie eine vereinfachte Punkte Liste f\u00fcr das Einstellen der Schaltung.<\/p>\n<p align=\"left\">&nbsp;<\/p>\n<ol>\n<li>\n<p align=\"left\"><strong>Grobeinstellung Schaltwerk<\/strong><br \/>\nStellen Sie das Schaltwerk (ohne Kette) so ein das die Endanschl\u00e4ge in einer Linie mit  den \u00e4u\u00dfersten Ritzel liegen. Dazu m\u00fcssen Sie beide Endanschagsschrauben entsprechend einstellen. (Tipp: sehr oft sieht man die mechanischen Anschl\u00e4ge &#8211; am Schaltwerk). Um den Anschlag f\u00fcr das gro\u00dfe Ritzel einzustellen m\u00fc\u00dfen Sie das Schaltwerk mit der Hand in diese Position dr\u00fccken &#8211; Positon kontrollieren &#8211; loslassen &#8211; einstellen &#8211; dr\u00fccken &#8211; Position-linie kontrollieren &#8211; loslassen &#8230; bis es passt.<\/li>\n<li>\n<p align=\"left\"><strong>Grobeinstellung Umwerfer<\/strong><br \/>\nEinfach ausgeprochen &#8211; wenn das Innenlager zur Kurbel stimmt (wichtig f\u00fcr Kettenlinie) dann sollten die &#8222;Arme&#8220; Paralell zu den Kettenbl\u00e4ttern stehen. Hier gro\u00dfz\u00fcgig einstellen.<\/li>\n<li>\n<p align=\"left\"><strong>Schalthebel indexieren<\/strong><br \/>\nSchalten Sie die Schalthebel auf gr\u00f6\u00dften Gang stellen (Gro\u00dfes Kettenblatt \/ kleinstes Ritzel).<\/li>\n<li>\n<p align=\"left\"><strong>Montage fertigstellen<\/strong><br \/>\nNun k\u00f6nnen Sie den Rest des Antriebs montieren &#8211; evtl. noch fehlenden Z\u00fcge, H\u00fcllen,&#8230;,Kette,&#8230;<br \/>\nHier darauf achten das die Feinjustierungsschrauben der Z\u00fcge (am Rahmen bzw. am Schaltwerk in der mechanischen Mittelstellung stehen &#8211; gen\u00fcgend Spielraum in beide Richtungen haben).<br \/>\nNun die Kette montieren &#8211; AchtungKette mu\u00df hier noch gut gespannt sein &#8211; aber nicht \u00fcbertreiben (Tipp: die beiden Umlenkrollen d\u00fcrfen max. auf einer gedachten Senkrechten liegen &#8211; die Untere mu\u00df normalerweise weiter hinten sein). Beachten Sie hier die Angaben des Ketten- bzw. Antriebsherstellers. &#8211; ist Erfahrungssache.<br \/>\nHinweis Ketten: benutzen Sie nur die vorgeschriebenen Werkzeuge.<br \/>\nVideo Campa 11 fach Ketten &gt;&gt; <a href=\"http:\/\/www.youtube.com\/watch?v=1e-x1Y-o9z4\" target=\"_blank\">hier<\/a> &lt;&lt;<\/li>\n<li>\n<p align=\"left\"><strong>Feinjustage der Schaltung<\/strong><br \/>\nSchaltwerk:<br \/>\nSchalten Sie auf das 4. Ritzel &#8211; nun so mit der Feinjustierungsschraube (Schaltwerk) einstellen das die Position exakt stimmt.<br \/>\nWenn die Positon stimmt &#8211; der Antrieb jedoch nicht ger\u00e4uschlos l\u00e4uft gibt es eine Einstellschraube unten am Schaltwerk (Campa index &#8222;H&#8220;) diese gegen den Urzeigersinn herausdrehen (Campa) bis der Antrieb ger\u00e4uschlos l\u00e4uft.<br \/>\nUmwerfer:<br \/>\nSchalten Sie vom gro\u00dfen auf das kleine Blatt. Hier ist es wichtig das sie die extrem Positionen einstellen: kleines Ritzel &#8211; kleines Blatt usw. auch m\u00fcssen Sie darauf achten das die Kette nicht vom Kettenblatt springt &#8211; hier sollten Sie sich etwas Zeit nehmen.<\/li>\n<li>\n<p align=\"left\">Nach einigen Km nur noch mal feinjustieren und das war es f\u00fcr viele viele Km.<\/p>\n<\/li>\n<\/ol>\n","protected":false},"excerpt":{"rendered":"<p>Nachfolgend finden Sie eine vereinfachte Punkte Liste f\u00fcr das Einstellen der Schaltung. &nbsp; Grobeinstellung Schaltwerk Stellen Sie das Schaltwerk (ohne Kette) so ein das die Endanschl\u00e4ge in einer Linie mit den \u00e4u\u00dfersten Ritzel liegen. Dazu m\u00fcssen Sie beide Endanschagsschrauben entsprechend &hellip; <a href=\"http:\/\/passion-bike.de\/?page_id=149\">Weiterlesen <span class=\"meta-nav\">&rarr;<\/span><\/a><\/p>\n","protected":false},"author":1,"featured_media":0,"parent":346,"menu_order":0,"comment_status":"closed","ping_status":"closed","template":"","meta":{"footnotes":""},"class_list":["post-149","page","type-page","status-publish","hentry"],"_links":{"self":[{"href":"http:\/\/passion-bike.de\/index.php?rest_route=\/wp\/v2\/pages\/149","targetHints":{"allow":["GET"]}}],"collection":[{"href":"http:\/\/passion-bike.de\/index.php?rest_route=\/wp\/v2\/pages"}],"about":[{"href":"http:\/\/passion-bike.de\/index.php?rest_route=\/wp\/v2\/types\/page"}],"author":[{"embeddable":true,"href":"http:\/\/passion-bike.de\/index.php?rest_route=\/wp\/v2\/users\/1"}],"replies":[{"embeddable":true,"href":"http:\/\/passion-bike.de\/index.php?rest_route=%2Fwp%2Fv2%2Fcomments&post=149"}],"version-history":[{"count":1,"href":"http:\/\/passion-bike.de\/index.php?rest_route=\/wp\/v2\/pages\/149\/revisions"}],"predecessor-version":[{"id":366,"href":"http:\/\/passion-bike.de\/index.php?rest_route=\/wp\/v2\/pages\/149\/revisions\/366"}],"up":[{"embeddable":true,"href":"http:\/\/passion-bike.de\/index.php?rest_route=\/wp\/v2\/pages\/346"}],"wp:attachment":[{"href":"http:\/\/passion-bike.de\/index.php?rest_route=%2Fwp%2Fv2%2Fmedia&parent=149"}],"curies":[{"name":"wp","href":"https:\/\/api.w.org\/{rel}","templated":true}]}}