{"id":151,"date":"2012-11-01T11:20:05","date_gmt":"2012-11-01T11:20:05","guid":{"rendered":"http:\/\/s438861258.online.de\/?page_id=151"},"modified":"2012-11-09T18:18:59","modified_gmt":"2012-11-09T18:18:59","slug":"bahntraining","status":"publish","type":"page","link":"http:\/\/passion-bike.de\/?page_id=151","title":{"rendered":"Bahntraining"},"content":{"rendered":"<p>Training auf einer Bahn ist immer ein Erlebnis &#8211; Nachfolgend finden Sie ein paar n\u00fctzliche Links:<\/p>\n<p>F\u00fcr generelle Infos ist das Online Lexikon <a href=\"http:\/\/de.wikipedia.org\/wiki\/Radrennbahn\" target=\"_blank\">WIKIPEDIA<\/a> eine sehr gute Wahl.<br \/>\nEine gute \u00dcbersicht finden Sie unter <a href=\"http:\/\/www.radrennbahn.net\/\" target=\"_blank\">Radbahn.net<\/a>.<\/p>\n<p>Wenn Sie in der n\u00e4hen von Offenburg \/ Freiburg wohnen bieten sich nachfolgende Bahnen an:<\/p>\n<ul>\n<li><a href=\"http:\/\/www.rsvo.de\/index.htm\" target=\"_blank\">\u00d6schelbronn<\/a> (\u00dcberdacht)<\/li>\n<li><a href=\"http:\/\/www.radsportverein-oberhausen.de\/\" target=\"_blank\">Oberhausen<\/a>(Beton)<\/li>\n<li><a href=\"http:\/\/www.radrennbahn-singen.com\" target=\"_blank\">Singen<\/a> (Beton)<\/li>\n<li>Stra\u00dfburg (keine Adresse bekannt)<\/li>\n<\/ul>\n","protected":false},"excerpt":{"rendered":"<p>Training auf einer Bahn ist immer ein Erlebnis &#8211; Nachfolgend finden Sie ein paar n\u00fctzliche Links: F\u00fcr generelle Infos ist das Online Lexikon WIKIPEDIA eine sehr gute Wahl. Eine gute \u00dcbersicht finden Sie unter Radbahn.net. Wenn Sie in der n\u00e4hen &hellip; <a href=\"http:\/\/passion-bike.de\/?page_id=151\">Weiterlesen <span class=\"meta-nav\">&rarr;<\/span><\/a><\/p>\n","protected":false},"author":1,"featured_media":0,"parent":348,"menu_order":0,"comment_status":"closed","ping_status":"closed","template":"","meta":{"footnotes":""},"class_list":["post-151","page","type-page","status-publish","hentry"],"_links":{"self":[{"href":"http:\/\/passion-bike.de\/index.php?rest_route=\/wp\/v2\/pages\/151","targetHints":{"allow":["GET"]}}],"collection":[{"href":"http:\/\/passion-bike.de\/index.php?rest_route=\/wp\/v2\/pages"}],"about":[{"href":"http:\/\/passion-bike.de\/index.php?rest_route=\/wp\/v2\/types\/page"}],"author":[{"embeddable":true,"href":"http:\/\/passion-bike.de\/index.php?rest_route=\/wp\/v2\/users\/1"}],"replies":[{"embeddable":true,"href":"http:\/\/passion-bike.de\/index.php?rest_route=%2Fwp%2Fv2%2Fcomments&post=151"}],"version-history":[{"count":3,"href":"http:\/\/passion-bike.de\/index.php?rest_route=\/wp\/v2\/pages\/151\/revisions"}],"predecessor-version":[{"id":357,"href":"http:\/\/passion-bike.de\/index.php?rest_route=\/wp\/v2\/pages\/151\/revisions\/357"}],"up":[{"embeddable":true,"href":"http:\/\/passion-bike.de\/index.php?rest_route=\/wp\/v2\/pages\/348"}],"wp:attachment":[{"href":"http:\/\/passion-bike.de\/index.php?rest_route=%2Fwp%2Fv2%2Fmedia&parent=151"}],"curies":[{"name":"wp","href":"https:\/\/api.w.org\/{rel}","templated":true}]}}