{"id":153,"date":"2012-11-01T11:20:46","date_gmt":"2012-11-01T11:20:46","guid":{"rendered":"http:\/\/s438861258.online.de\/?page_id=153"},"modified":"2012-11-09T18:19:32","modified_gmt":"2012-11-09T18:19:32","slug":"deutschland-tour-tips","status":"publish","type":"page","link":"http:\/\/passion-bike.de\/?page_id=153","title":{"rendered":"Deutschland Tour Tips"},"content":{"rendered":"<h3><strong>Touren :<\/strong><\/h3>\n<p><em>Der Ausgangspunkt f\u00fcr diese Touren ist Ettenheim.<\/em><\/p>\n<p><strong>Oberspitzenbach &amp; Lupfershof (90km)<br \/>\n<\/strong>Charakter: leichte Bergtour &amp; Genu\u00dftour<br \/>\nRoute: Ettenheim &#8211; Streitberg (via Ettenheimm\u00fcnster) &#8211; Brettental &#8211; Graben &#8211; Hohe Eck (100 m Schotterpiste) &#8211; Oberspitzenbach &#8211; Selbig &#8211; Biederbach Dorf &#8211; Kirchh\u00f6fe &#8211; via Lupfershof nach Hofstetten &#8211; Haslach &#8211; Steinach &#8211; Reichenbach (via Prinzbach und Sch\u00f6nberg) &#8211; Lahr &#8211; Kippenheim &#8211; Ettenheim<\/p>\n<p><strong>Feldberg (170km)<br \/>\n<\/strong>Charakter: schwere lange Bergtour<br \/>\nRoute: Ettenheim &#8211; Streitberg (via Ettenheimm\u00fcnster) &#8211; Freiamt S\u00e4gplatz &#8211; Reichenbach &#8211; Keppenbach &#8211; Gscheid &#8211; Gutach &#8211; Simonswald &#8211; Obersimonswald &#8211; via Wildgutach (Hexenloch)  zum Turner &#8211; Hinterzarten &#8211; via Erlenbruck zum B\u00e4rental &#8211; Feldberg &#8211; Todtnau &#8211; Notschrei &#8211; Oberried &#8211; Kirchzarten &#8211; Zarten &#8211; Ebnet &#8211; Freiburg &#8211; Herdern &#8211; Z\u00e4hringen &#8211; Gundelfingen &#8211; Denzlingen &#8211; Emmendingen &#8211; Malterdingen &#8211; Herbolzheim &#8211; Ettenheim<\/p>\n","protected":false},"excerpt":{"rendered":"<p>Touren : Der Ausgangspunkt f\u00fcr diese Touren ist Ettenheim. Oberspitzenbach &amp; Lupfershof (90km) Charakter: leichte Bergtour &amp; Genu\u00dftour Route: Ettenheim &#8211; Streitberg (via Ettenheimm\u00fcnster) &#8211; Brettental &#8211; Graben &#8211; Hohe Eck (100 m Schotterpiste) &#8211; Oberspitzenbach &#8211; Selbig &#8211; Biederbach &hellip; <a href=\"http:\/\/passion-bike.de\/?page_id=153\">Weiterlesen <span class=\"meta-nav\">&rarr;<\/span><\/a><\/p>\n","protected":false},"author":1,"featured_media":0,"parent":344,"menu_order":0,"comment_status":"closed","ping_status":"closed","template":"","meta":{"footnotes":""},"class_list":["post-153","page","type-page","status-publish","hentry"],"_links":{"self":[{"href":"http:\/\/passion-bike.de\/index.php?rest_route=\/wp\/v2\/pages\/153","targetHints":{"allow":["GET"]}}],"collection":[{"href":"http:\/\/passion-bike.de\/index.php?rest_route=\/wp\/v2\/pages"}],"about":[{"href":"http:\/\/passion-bike.de\/index.php?rest_route=\/wp\/v2\/types\/page"}],"author":[{"embeddable":true,"href":"http:\/\/passion-bike.de\/index.php?rest_route=\/wp\/v2\/users\/1"}],"replies":[{"embeddable":true,"href":"http:\/\/passion-bike.de\/index.php?rest_route=%2Fwp%2Fv2%2Fcomments&post=153"}],"version-history":[{"count":1,"href":"http:\/\/passion-bike.de\/index.php?rest_route=\/wp\/v2\/pages\/153\/revisions"}],"predecessor-version":[{"id":358,"href":"http:\/\/passion-bike.de\/index.php?rest_route=\/wp\/v2\/pages\/153\/revisions\/358"}],"up":[{"embeddable":true,"href":"http:\/\/passion-bike.de\/index.php?rest_route=\/wp\/v2\/pages\/344"}],"wp:attachment":[{"href":"http:\/\/passion-bike.de\/index.php?rest_route=%2Fwp%2Fv2%2Fmedia&parent=153"}],"curies":[{"name":"wp","href":"https:\/\/api.w.org\/{rel}","templated":true}]}}