{"id":552,"date":"2013-03-25T10:38:38","date_gmt":"2013-03-25T10:38:38","guid":{"rendered":"http:\/\/passion-bike.de\/?page_id=552"},"modified":"2014-10-08T11:47:46","modified_gmt":"2014-10-08T11:47:46","slug":"gesundheit-radsport","status":"publish","type":"page","link":"http:\/\/passion-bike.de\/?page_id=552","title":{"rendered":"Gesundheit &#038; Radsport"},"content":{"rendered":"<p><strong><br \/>\n<em>Eine kleine Auswahl von empfehlenswerten B\u00fcchern \u2013 rund um den Rad Sport.<\/em><\/strong><\/p>\n<p>So bald sie auf das Bild &gt;clicken&lt; werden Sie auf amazon.de weitergeleitet.<\/p>\n<p><strong>Die Methusalem &#8211; Strategie<\/strong><br \/>\nGesundheit beginnt im Kopf. Doch was passiert in unseren K\u00f6pfen, dass am Ende nur wenige topfit ein hohes Alter erreichen.<\/p>\n<p>Michael Nehls machte sich selbst auf den Weg, zun\u00e4chst als \u00fcbergewichtiger Manager, dann mit dem Rennrad quer durch die USA \u2013 bei der weltweit schwersten Ausdauerpr\u00fcfung, dem Race Across America. Dabei demonstrierte er durch die Anwendung der Methusalem-Strategie ihre au\u00dferordentliche Sprengkraft. Die S\u00fcddeutsche Zeitung betitelte ihren Artikel treffend mit der rhetorischen Frage: \u201eDen Mythos zerst\u00f6rt?\u201c.<\/p>\n<p><a href=\"http:\/\/www.amazon.de\/gp\/product\/3981404831\/ref=as_li_ss_il?ie=UTF8&amp;camp=1638&amp;creative=19454&amp;creativeASIN=3981404831&amp;linkCode=as2&amp;tag=passbike-21\"><img decoding=\"async\" src=\"http:\/\/ws.assoc-amazon.de\/widgets\/q?_encoding=UTF8&amp;ASIN=3981404831&amp;Format=_SL160_&amp;ID=AsinImage&amp;MarketPlace=DE&amp;ServiceVersion=20070822&amp;WS=1&amp;tag=passbike-21\" alt=\"\" border=\"0\" \/><\/a><img loading=\"lazy\" decoding=\"async\" style=\"border: none !important; margin: 0px !important;\" src=\"http:\/\/www.assoc-amazon.de\/e\/ir?t=passbike-21&amp;l=as2&amp;o=3&amp;a=3981404831\" alt=\"\" width=\"1\" height=\"1\" border=\"0\" \/><\/p>\n<p>&nbsp;<\/p>\n<p><strong>S\u00e4ure-Basen-Balance<\/strong><br \/>\nGesundheit beginnt mit dem was man vor und nach dem Training auf dem Teller hat.<\/p>\n<p>Das kleine Tachenbuch enth\u00e4lt alle wichtigen Informationen zum Thema S\u00e4ure-Basen-Balance. Es ist einfach ersichtlich welche Lebensmittel sauer oder basisch sind.<\/p>\n<p>Denn sauer macht nicht lustig, sondern auf Dauer antriebslos und krank. Langfristig f\u00fchrt eine \u00dcbers\u00e4uerung beispielsweise zu einem erh\u00f6hten Risiko f\u00fcr Osteoporose, einer nachlassenden Elastizit\u00e4t des Bindegewebes oder einer herabgesetzten Stressresistenz. Nur wenn das Verh\u00e4ltnis von S\u00e4uren und Basen stimmt, f\u00fchlen wir uns gesund und leistungsf\u00e4hig. Der Kern des Kompasses ist der Tabellenteil mit einer Auflistung von \u00fcber 1.500 nat\u00fcrlichen Lebensmitteln, Fertiggerichten und typischen Fastfood-Gerichten.<br \/>\n<a href=\"http:\/\/www.amazon.de\/gp\/product\/383381148X\/ref=as_li_ss_il?ie=UTF8&amp;camp=1638&amp;creative=19454&amp;creativeASIN=383381148X&amp;linkCode=as2&amp;tag=passbike-21\"><img decoding=\"async\" src=\"http:\/\/ws-eu.amazon-adsystem.com\/widgets\/q?_encoding=UTF8&amp;ASIN=383381148X&amp;Format=_SL250_&amp;ID=AsinImage&amp;MarketPlace=DE&amp;ServiceVersion=20070822&amp;WS=1&amp;tag=passbike-21\" alt=\"\" border=\"0\" \/><\/a><img loading=\"lazy\" decoding=\"async\" style=\"border: none !important; margin: 0px !important;\" src=\"http:\/\/ir-de.amazon-adsystem.com\/e\/ir?t=passbike-21&amp;l=as2&amp;o=3&amp;a=383381148X\" alt=\"\" width=\"1\" height=\"1\" border=\"0\" \/><\/p>\n<p>&nbsp;<\/p>\n<p><strong>Die Alzheimer L\u00fcge<\/strong><br \/>\nEs ist ein interessanter Ansatz der bei diesem Buch verfolgt wird.<\/p>\n<p>Das wirklich tolle ist daran jeder hat es zu einem gewissen Grad in der Hand.<br \/>\nDenn es ist nicht einfach Schicksal &#8211; wie uns viele immer wieder erkl\u00e4ren.<\/p>\n<p>Das ist das wirklich Neue und Positive &#8211; noch einmal es ist &#8222;KEIN SCHICKSAL&#8220; &#8211; bereit f\u00fcr eine neue Erkenntnis ?<\/p>\n<p><a href=\"http:\/\/www.amazon.de\/gp\/product\/3453200691\/ref=as_li_tl?ie=UTF8&amp;camp=1638&amp;creative=19454&amp;creativeASIN=3453200691&amp;linkCode=as2&amp;tag=passbike-21&amp;linkId=UCKC22L6WEQ553LK\" target=\"_blank\"><img loading=\"lazy\" decoding=\"async\" class=\"alignnone\" src=\"http:\/\/ws-eu.amazon-adsystem.com\/widgets\/q?_encoding=UTF8&amp;ASIN=3453200691&amp;Format=_SL250_&amp;ID=AsinImage&amp;MarketPlace=DE&amp;ServiceVersion=20070822&amp;WS=1&amp;tag=passbike-21\" alt=\"\" width=\"165\" height=\"250\" border=\"0\" \/><\/a><img loading=\"lazy\" decoding=\"async\" style=\"border: none !important; margin: 0px !important;\" src=\"http:\/\/ir-de.amazon-adsystem.com\/e\/ir?t=passbike-21&amp;l=as2&amp;o=3&amp;a=3453200691\" alt=\"\" width=\"1\" height=\"1\" border=\"0\" \/><\/p>\n<p>&nbsp;<\/p>\n","protected":false},"excerpt":{"rendered":"<p>Eine kleine Auswahl von empfehlenswerten B\u00fcchern \u2013 rund um den Rad Sport. So bald sie auf das Bild &gt;clicken&lt; werden Sie auf amazon.de weitergeleitet. Die Methusalem &#8211; Strategie Gesundheit beginnt im Kopf. Doch was passiert in unseren K\u00f6pfen, dass am &hellip; <a href=\"http:\/\/passion-bike.de\/?page_id=552\">Weiterlesen <span class=\"meta-nav\">&rarr;<\/span><\/a><\/p>\n","protected":false},"author":1,"featured_media":0,"parent":100,"menu_order":0,"comment_status":"closed","ping_status":"closed","template":"","meta":{"footnotes":""},"class_list":["post-552","page","type-page","status-publish","hentry"],"_links":{"self":[{"href":"http:\/\/passion-bike.de\/index.php?rest_route=\/wp\/v2\/pages\/552","targetHints":{"allow":["GET"]}}],"collection":[{"href":"http:\/\/passion-bike.de\/index.php?rest_route=\/wp\/v2\/pages"}],"about":[{"href":"http:\/\/passion-bike.de\/index.php?rest_route=\/wp\/v2\/types\/page"}],"author":[{"embeddable":true,"href":"http:\/\/passion-bike.de\/index.php?rest_route=\/wp\/v2\/users\/1"}],"replies":[{"embeddable":true,"href":"http:\/\/passion-bike.de\/index.php?rest_route=%2Fwp%2Fv2%2Fcomments&post=552"}],"version-history":[{"count":14,"href":"http:\/\/passion-bike.de\/index.php?rest_route=\/wp\/v2\/pages\/552\/revisions"}],"predecessor-version":[{"id":709,"href":"http:\/\/passion-bike.de\/index.php?rest_route=\/wp\/v2\/pages\/552\/revisions\/709"}],"up":[{"embeddable":true,"href":"http:\/\/passion-bike.de\/index.php?rest_route=\/wp\/v2\/pages\/100"}],"wp:attachment":[{"href":"http:\/\/passion-bike.de\/index.php?rest_route=%2Fwp%2Fv2%2Fmedia&parent=552"}],"curies":[{"name":"wp","href":"https:\/\/api.w.org\/{rel}","templated":true}]}}