{"id":645,"date":"2014-04-20T21:08:45","date_gmt":"2014-04-20T21:08:45","guid":{"rendered":"http:\/\/passion-bike.de\/?page_id=645"},"modified":"2017-02-10T12:25:03","modified_gmt":"2017-02-10T12:25:03","slug":"sport-touren-radreisen","status":"publish","type":"page","link":"http:\/\/passion-bike.de\/?page_id=645","title":{"rendered":"Sport Touren &#038; Radreisen"},"content":{"rendered":"<p><strong><em>R\u00e4der f\u00fcr Sport Touren &amp; Radreisen<\/em><\/strong><\/p>\n<p>Themen Schwerpunkte sind:<\/p>\n<ul>\n<li><a href=\"http:\/\/passion-bike.de\/?page_id=670\">Laufradgr\u00f6\u00dfe<\/a><\/li>\n<li>Rahmenmaterial<\/li>\n<li>Schaltkomponenten<\/li>\n<li>Bremsen<\/li>\n<li>Lenkertyp<\/li>\n<li>Sattel<\/li>\n<li>Equipment<\/li>\n<li>&#8230;<\/li>\n<\/ul>\n<p>Die Kernfrage steht wie immer am Anfang. <em><strong>Wie m\u00f6chten Sie das Rad nutzen.<\/strong><\/em><\/p>\n<ul>\n<li>Sport Touren (am Wochenende eine Tour, mit dem Rad zur Arbeit, &#8230;)<\/li>\n<li>Radreise (1x im Jahr eine Radreise in Gebieten mit einer guten Infrastruktur)<\/li>\n<li>Weltreise \/ Expedition<\/li>\n<\/ul>\n<p>&nbsp;<\/p>\n<p>&nbsp;<\/p>\n<p>&nbsp;<\/p>\n","protected":false},"excerpt":{"rendered":"<p>R\u00e4der f\u00fcr Sport Touren &amp; Radreisen Themen Schwerpunkte sind: Laufradgr\u00f6\u00dfe Rahmenmaterial Schaltkomponenten Bremsen Lenkertyp Sattel Equipment &#8230; Die Kernfrage steht wie immer am Anfang. Wie m\u00f6chten Sie das Rad nutzen. Sport Touren (am Wochenende eine Tour, mit dem Rad zur &hellip; <a href=\"http:\/\/passion-bike.de\/?page_id=645\">Weiterlesen <span class=\"meta-nav\">&rarr;<\/span><\/a><\/p>\n","protected":false},"author":1,"featured_media":0,"parent":643,"menu_order":1,"comment_status":"closed","ping_status":"closed","template":"","meta":{"footnotes":""},"class_list":["post-645","page","type-page","status-publish","hentry"],"_links":{"self":[{"href":"http:\/\/passion-bike.de\/index.php?rest_route=\/wp\/v2\/pages\/645","targetHints":{"allow":["GET"]}}],"collection":[{"href":"http:\/\/passion-bike.de\/index.php?rest_route=\/wp\/v2\/pages"}],"about":[{"href":"http:\/\/passion-bike.de\/index.php?rest_route=\/wp\/v2\/types\/page"}],"author":[{"embeddable":true,"href":"http:\/\/passion-bike.de\/index.php?rest_route=\/wp\/v2\/users\/1"}],"replies":[{"embeddable":true,"href":"http:\/\/passion-bike.de\/index.php?rest_route=%2Fwp%2Fv2%2Fcomments&post=645"}],"version-history":[{"count":8,"href":"http:\/\/passion-bike.de\/index.php?rest_route=\/wp\/v2\/pages\/645\/revisions"}],"predecessor-version":[{"id":680,"href":"http:\/\/passion-bike.de\/index.php?rest_route=\/wp\/v2\/pages\/645\/revisions\/680"}],"up":[{"embeddable":true,"href":"http:\/\/passion-bike.de\/index.php?rest_route=\/wp\/v2\/pages\/643"}],"wp:attachment":[{"href":"http:\/\/passion-bike.de\/index.php?rest_route=%2Fwp%2Fv2%2Fmedia&parent=645"}],"curies":[{"name":"wp","href":"https:\/\/api.w.org\/{rel}","templated":true}]}}