{"id":7,"date":"2012-10-30T14:14:45","date_gmt":"2012-10-30T14:14:45","guid":{"rendered":"http:\/\/s438861258.online.de\/?page_id=2"},"modified":"2017-02-10T12:27:54","modified_gmt":"2017-02-10T12:27:54","slug":"philosophie","status":"publish","type":"page","link":"http:\/\/passion-bike.de\/?page_id=7","title":{"rendered":"Philosophie"},"content":{"rendered":"<p><code><\/code><br \/>\n<strong>Unsere Fachh\u00e4ndler Strategie:<\/strong><\/p>\n<p>Wir bieten unseren Kunden eine gezieltes Gespr\u00e4ch mit fachlicher Beratung in angenehmer Atmosph\u00e4re. Wie wir das verstehen entnehmen Sie bitte unserer Auflistung.<\/p>\n<p>Ein Fahrrad ist f\u00fcr uns ein Projekt. Dies kann nicht einfach so mit mal &#8222;daraufsitzen&#8220; und Sta\u00dfe rauf und runter entschieden werden. Hier zu braucht man Zeit.<br \/>\nSollten Sie sich f\u00fcr uns entscheiden &#8211; dann werden Sie von uns vermessen. Es wir von Ihnen ein &#8222;Datenblatt&#8220; mit den Mess-Ergebnisen angelegt. F\u00fcr die 1. Entscheidung wird mit unserem Berechnungsprogramm und Ihrem Datenblatt eine Empfehlung f\u00fcr einen Rahmen ausgesprochen. Diese &#8222;BIKE IT Rahmenempfehlung&#8220; wird dann mit unseren Partnern weiter verfeinert. Das Ergebnis ist ein f\u00fcr Sie optimaler Rahmen.<\/p>\n<p>Denn wir finden das Herz muss stimmen &#8211; und der Rahmen ist das Herz des Bikes!<\/p>\n<p>Hier finden Sie unser <a href=\"http:\/\/passion-bike.de\/wp-content\/uploads\/2012\/11\/messblatt.pdf\" target=\"_blank\">Messblatt<\/a>. (169 KB Download &#8211; rechte Maustaste &#8211; Ziel speichern unter &#8211; &#8230;)<\/p>\n<p>Bei den Part haben wir mit den nachfolgende Marken die besten Erfahrungen gemacht:<\/p>\n<ul>\n<li>Syntace<\/li>\n<li>Ritchey<\/li>\n<li>Campagnolo (Road-Bereich)<\/li>\n<li>Shimano (MTB-Bereich)<\/li>\n<\/ul>\n<p>Sollte Sie andere hochwertige Produkte w\u00fcnschen &#8211; kein Problem! Wir haben allerdings ein Problem mit NO-NAME Produkten. Fragen Sie mal jemandem dem z.B. der Vorbau beim Downhill gebrochen ist! Hier machen wir keine faulen Kompromisse.<br \/>\nEin Termin au\u00dferhalb den allgemein \u00fcblichen \u00d6ffnungszeiten stellt f\u00fcr genausowenig ein Problem dar wie einen kleinen Drink zum Beratungsgespr\u00e4ch.<\/p>\n<p>Jetzt wir jeder denken &#8211; man das kostet mich ein Verm\u00f6gen bei BIKE IT ein Bike zu kaufen, oder er wir sich fragen wo ist denn da der Hacken an der Sache?<br \/>\nWir k\u00f6nnen Sie beruhigen. Wir sind ein kleiner Shop &#8211; wir k\u00f6nnen nicht und wollen es auch nicht 20 gleiche Bikes im Shop rumstehen haben &#8211; man denke nur an das tote Kapital &#8211; das mu\u00df n\u00e4mlich der Kunde wirklich bezahlen. Nein wir haben max. je einen Rahmen oder ein komplettes Bike bei uns stehen. Durch dieses konsequenete Vorgehen sind wir in der Lage unseren Kunden hochwertige Produkte mit intensiver Beratung zu einem &#8222;normalen&#8220; Preis anzubieten.<\/p>\n<p><strong>Unsere Philosophie: Wir wollen keine Massenware sonder pers\u00f6nlich abgestimmte Traumbikes zu bezahlbaren Preisen verkaufen.<\/strong><\/p>\n<p>PS: Bei unseren Accessories ist oben genannte Vorgehensweise nat\u00fcrlich genauso selbstverst\u00e4ndlich.<\/p>\n<p><code><\/code><br \/>\n<strong>Partner<\/strong><\/p>\n<p>Mit Partner meinen wir unsere Lieferranten. Wir sehen Sie als den Schl\u00fcssel zum Erfolg. Deshalb ist es f\u00fcr uns selbstverst\u00e4ndlich Sie bei unseren Entscheidungen auch mit ins Boot zu nehmen.<br \/>\nMit diesem Vorgehen ist es Ihnen als Kunde auch in Zukunft m\u00f6glich, hochwertige Produkte zu vern\u00fcnftigen Preisen von diesen Marken zu beziehen, auch in 10 Jahren noch!<\/p>\n<p><strong><span style=\"color: #000000;\"><span style=\"color: #808080;\">Ihr<\/span> BIKE IT<\/span> <span style=\"color: #808080;\">Team<\/span><\/strong> <em>since 1998<\/em><\/p>\n<p>&nbsp;<\/p>\n","protected":false},"excerpt":{"rendered":"<p>Unsere Fachh\u00e4ndler Strategie: Wir bieten unseren Kunden eine gezieltes Gespr\u00e4ch mit fachlicher Beratung in angenehmer Atmosph\u00e4re. Wie wir das verstehen entnehmen Sie bitte unserer Auflistung. Ein Fahrrad ist f\u00fcr uns ein Projekt. Dies kann nicht einfach so mit mal &#8222;daraufsitzen&#8220; &hellip; <a href=\"http:\/\/passion-bike.de\/?page_id=7\">Weiterlesen <span class=\"meta-nav\">&rarr;<\/span><\/a><\/p>\n","protected":false},"author":1,"featured_media":0,"parent":0,"menu_order":80,"comment_status":"closed","ping_status":"closed","template":"","meta":{"footnotes":""},"class_list":["post-7","page","type-page","status-publish","hentry"],"_links":{"self":[{"href":"http:\/\/passion-bike.de\/index.php?rest_route=\/wp\/v2\/pages\/7","targetHints":{"allow":["GET"]}}],"collection":[{"href":"http:\/\/passion-bike.de\/index.php?rest_route=\/wp\/v2\/pages"}],"about":[{"href":"http:\/\/passion-bike.de\/index.php?rest_route=\/wp\/v2\/types\/page"}],"author":[{"embeddable":true,"href":"http:\/\/passion-bike.de\/index.php?rest_route=\/wp\/v2\/users\/1"}],"replies":[{"embeddable":true,"href":"http:\/\/passion-bike.de\/index.php?rest_route=%2Fwp%2Fv2%2Fcomments&post=7"}],"version-history":[{"count":10,"href":"http:\/\/passion-bike.de\/index.php?rest_route=\/wp\/v2\/pages\/7\/revisions"}],"predecessor-version":[{"id":527,"href":"http:\/\/passion-bike.de\/index.php?rest_route=\/wp\/v2\/pages\/7\/revisions\/527"}],"wp:attachment":[{"href":"http:\/\/passion-bike.de\/index.php?rest_route=%2Fwp%2Fv2%2Fmedia&parent=7"}],"curies":[{"name":"wp","href":"https:\/\/api.w.org\/{rel}","templated":true}]}}