{"id":869,"date":"2017-02-11T06:00:39","date_gmt":"2017-02-11T06:00:39","guid":{"rendered":"http:\/\/passion-bike.de\/?page_id=869"},"modified":"2018-09-21T11:28:46","modified_gmt":"2018-09-21T11:28:46","slug":"gravel-bikes","status":"publish","type":"page","link":"http:\/\/passion-bike.de\/?page_id=869","title":{"rendered":"Gravel Bikes"},"content":{"rendered":"<p>&nbsp;<\/p>\n<p><strong>Quick &amp; Dirty:<\/strong><\/p>\n<p>Gravel Bikes sind Zwitter zwischen klassischen Stra\u00dfenrennr\u00e4dern und gel\u00e4ndetauglichen Crossr\u00e4dern bzw. Mountainbikes. Es wird dadurch zu einem absoluten Allesk\u00f6nner f\u00fcr Stra\u00dfen und unbefestigte Strecken.<br \/>\nIm Grunde verh\u00e4lt sich das Gravelbike zum Crossrad so wie das Marathonrennrad zur wettkampforientierten \u00adStra\u00dfenmaschine.<\/p>\n<p><strong>Etwas l\u00e4nger:<\/strong><\/p>\n<p>Gravel Bikes lohnen sich in ihrer Anschaffung vor allem aufgrund ihrer flexiblen Einsatzm\u00f6glichkeiten. Statt f\u00fcr unebene Untergr\u00fcnde ein Mountainbike\/Crossrad und f\u00fcr Stra\u00dfen das klassische Rennrad zu w\u00e4hlen, ist das Rad f\u00fcr beide Optionen ausgelegt. Es vereint damit die St\u00e4rken beider Varianten, ohne in punkto Handling Einbu\u00dfen in Kauf nehmen zu m\u00fcssen. Die Multi-Terrain R\u00e4der werden deshalb in den USA auch gern als &#8222;Adventure Bikes&#8220; beworben, mit denen jede Ausfahrt zu einem echten Abenteuer wird, bei dem das Rad ein stetiger und zuverl\u00e4ssiger Begleiter ist.<\/p>\n<p>Die Route f\u00fcr eine Ausfahrt muss so im Vorfeld nicht mehr k\u00fcnstlich begrenzt werden, was auch der Abwechslung zu Gute kommt. Daher lohnen sich Gravel Bikes durchaus auch f\u00fcr Personengruppen, die nur gelegentlich beziehungsweise am Wochenende eine Ausfahrt unternehmen.<\/p>\n<p>Die gr\u00f6\u00dfte St\u00e4rke der Gravel Bikes ist zweifelsfrei ihr flexibler Einsatz. Sie bieten ihrem neuen Besitzer ein H\u00f6chstma\u00df an Stabilit\u00e4t, Vielseitigkeit und Komfort, w\u00e4hrend auch das Preis-\/Leistungsverh\u00e4ltnis zu \u00fcberzeugen wei\u00df. Das liegt vor allem daran, dass dank eines Gravelbikes nicht l\u00e4nger zwei R\u00e4der gekauft beziehungsweise unterhalten werden m\u00fcssen. Auch Hobby- und Gelegenheitsfahrer kommen mit den Bikes so ganz auf ihre Kosten &#8211; zumal der Fokus auf maximalen Komfort f\u00fcr unglaublich viel Spa\u00df bei der Ausfahrt sorgt.<\/p>\n","protected":false},"excerpt":{"rendered":"<p>&nbsp; Quick &amp; Dirty: Gravel Bikes sind Zwitter zwischen klassischen Stra\u00dfenrennr\u00e4dern und gel\u00e4ndetauglichen Crossr\u00e4dern bzw. Mountainbikes. Es wird dadurch zu einem absoluten Allesk\u00f6nner f\u00fcr Stra\u00dfen und unbefestigte Strecken. Im Grunde verh\u00e4lt sich das Gravelbike zum Crossrad so wie das Marathonrennrad &hellip; <a href=\"http:\/\/passion-bike.de\/?page_id=869\">Weiterlesen <span class=\"meta-nav\">&rarr;<\/span><\/a><\/p>\n","protected":false},"author":1,"featured_media":0,"parent":643,"menu_order":1,"comment_status":"closed","ping_status":"closed","template":"","meta":{"footnotes":""},"class_list":["post-869","page","type-page","status-publish","hentry"],"_links":{"self":[{"href":"http:\/\/passion-bike.de\/index.php?rest_route=\/wp\/v2\/pages\/869","targetHints":{"allow":["GET"]}}],"collection":[{"href":"http:\/\/passion-bike.de\/index.php?rest_route=\/wp\/v2\/pages"}],"about":[{"href":"http:\/\/passion-bike.de\/index.php?rest_route=\/wp\/v2\/types\/page"}],"author":[{"embeddable":true,"href":"http:\/\/passion-bike.de\/index.php?rest_route=\/wp\/v2\/users\/1"}],"replies":[{"embeddable":true,"href":"http:\/\/passion-bike.de\/index.php?rest_route=%2Fwp%2Fv2%2Fcomments&post=869"}],"version-history":[{"count":8,"href":"http:\/\/passion-bike.de\/index.php?rest_route=\/wp\/v2\/pages\/869\/revisions"}],"predecessor-version":[{"id":945,"href":"http:\/\/passion-bike.de\/index.php?rest_route=\/wp\/v2\/pages\/869\/revisions\/945"}],"up":[{"embeddable":true,"href":"http:\/\/passion-bike.de\/index.php?rest_route=\/wp\/v2\/pages\/643"}],"wp:attachment":[{"href":"http:\/\/passion-bike.de\/index.php?rest_route=%2Fwp%2Fv2%2Fmedia&parent=869"}],"curies":[{"name":"wp","href":"https:\/\/api.w.org\/{rel}","templated":true}]}}