{"id":93,"date":"2012-11-01T09:53:24","date_gmt":"2012-11-01T09:53:24","guid":{"rendered":"http:\/\/s438861258.online.de\/?page_id=93"},"modified":"2013-03-11T10:54:11","modified_gmt":"2013-03-11T10:54:11","slug":"links","status":"publish","type":"page","link":"http:\/\/passion-bike.de\/?page_id=93","title":{"rendered":"Links"},"content":{"rendered":"<p><em><strong>Mixed<\/strong><\/em><\/p>\n<p><a href=\"http:\/\/wetterstationen.meteomedia.de\/messnetz\/eu_d.html\" target=\"_blank\"><strong>Wetter<\/strong><\/a><br \/>\nDer &#8222;Wetter Link&#8220; &#8211; mehr braucht man nicht.<\/p>\n<p><a href=\"http:\/\/www.alpenverein.de\/\" target=\"_blank\"><strong>DAV &#8211; Deutscher Alpenverein<\/strong><\/a><br \/>\nDer DAV biete f\u00fcr alle etwas.<\/p>\n<p><a href=\"http:\/\/www.dimb.de\/\" target=\"_blank\"><strong>DIMB E.V. &#8211; Deutsche Initiative Mountainbike<\/strong><\/a><br \/>\nDie DIMB wurde 1997 mit dem Umweltpreis der Fachgruppe Outdoor Ausgezeichnet.<br \/>\nVerliehen wurde der Preis f\u00fcr das &#8222;DIMB-Pilotprojekt: Einheitliche Mountain Bike Wegenetze&#8220;<\/p>\n<p><a href=\"http:\/\/www.mountainbike-magazin.de\/\" target=\"_blank\"><strong>Mountainbike Magazin<\/strong><\/a><br \/>\nHomepage mit gutem Inhalt &#8211; Ist Einfach einen Besuch wert<\/p>\n<p><a href=\"http:\/\/www.tour-magazin.de\/\" target=\"_blank\"><strong>Tour Magazin<\/strong><\/a><br \/>\nHomepage von Europas gr\u00f6sstem Rennrad-Magazin<\/p>\n<p><a href=\"http:\/\/www.heart-lahr.com\/\" target=\"_blank\"><strong>Trainingssteuerung f\u00fcr Leute im S\u00fcdlichen Schwarzwald.<\/strong><\/a><br \/>\nDas Institut f\u00fcr Sportmedizin &#8211; am Herzzentrum Lahr &#8211; Gutes Preisleistungsverh\u00e4ltnis. Sportmediziner und Herzspezialisten &#8211; was w\u00fcnscht man sich mehr.<\/p>\n<p><a href=\"http:\/\/www.tri2b.com\/\" target=\"_blank\"><strong>Triathlon Plattfrom<\/strong><\/a><br \/>\nHier ein Link zur Internet Plattform rund um Triathlon<br \/>\ntri2b.com<\/p>\n<p><a href=\"http:\/\/www.rad-net.de\/\" target=\"_blank\"><strong>BDR<br \/>\n<\/strong><\/a>Bund Deutscher Radfahrer<\/p>\n<p><a href=\"http:\/\/www.uci.ch\/\" target=\"_blank\"><strong>UCI<\/strong><\/a><br \/>\nUnion Cycliste International<strong> <\/strong><\/p>\n<p><a href=\"http:\/\/www.loipenportal.de\" target=\"_blank\"><strong>Wintertraining &#8211; Langlauf &#8211; Infos<\/strong><\/a><br \/>\n\u00dcbersicht mit allen bekannte Langlauf Loipen in S\u00fcd Schwarzwald (Schwierigkeitsgrad, Schneeh\u00f6he,&#8230;)<\/p>\n<p><em><strong>Messen<\/strong><\/em><\/p>\n<p><a href=\"http:\/\/www.eurobike-show.de\/\" target=\"_blank\">EUROBIKE<\/a><\/p>\n<p>Der Gigant unter den Bike Messen.<\/p>\n<p><em><strong>Homepage von einigen unseren Partnern<\/strong><\/em><\/p>\n<p>Rahmen \/ komplett R\u00e4der:<\/p>\n<ul>\n<li><a href=\"http:\/\/www.bassobikes.com\/\" target=\"_blank\">Basso<\/a><\/li>\n<li><a href=\"http:\/\/www.eddymerckx.be\/\" target=\"_blank\">Eddy Merckx<\/a><\/li>\n<li><a href=\"http:\/\/www.felt.de\/\" target=\"_blank\">Felt (only Cruiser)<\/a><\/li>\n<li><a href=\"http:\/\/www.gios.it\" target=\"_blank\">Gios<\/a><\/li>\n<li><a href=\"http:\/\/www.kuota.it\/\" target=\"_blank\">Kuota<\/a><\/li>\n<li><a href=\"http:\/\/www.nicolai.net\/\" target=\"_blank\">Nicolai<\/a><\/li>\n<li><a href=\"http:\/\/quantec.ccmsport.de\/\" target=\"_blank\">Quantec<\/a><\/li>\n<li><a href=\"http:\/\/www.scapin.com\/\" target=\"_blank\">Scapin<\/a><\/li>\n<li><a href=\"http:\/\/www.time-sport.com\/\" target=\"_blank\">Time<\/a><\/li>\n<li><a href=\"http:\/\/wave.ccmsport.de\/\" target=\"_blank\">Wave<\/a><\/li>\n<\/ul>\n<p>Laufr\u00e4der &amp; Co:<\/p>\n<ul>\n<li><a href=\"http:\/\/www.campagnolo.com\/\" target=\"_blank\">Campagnolo<\/a><\/li>\n<li><a href=\"http:\/\/www.citec.de\/\" target=\"_blank\">Citec<\/a><\/li>\n<li><a href=\"http:\/\/www.conti-online.com\/\" target=\"_blank\">Continetal<\/a><\/li>\n<li><a href=\"http:\/\/www.dtswiss.com\/\" target=\"_blank\">DT Swiss<\/a><\/li>\n<li><a href=\"http:\/\/www.fulcrumwheels.com\/\" target=\"_blank\">Fulcrum<\/a><\/li>\n<li><a href=\"http:\/\/www.gipiemme.com\" target=\"_blank\">Gipiemme<\/a><\/li>\n<li><a href=\"http:\/\/www.mavic.com\/\" target=\"_blank\">Mavic<\/a><\/li>\n<li><a href=\"http:\/\/www.vuelta.it\" target=\"_blank\">Vuelta<\/a><\/li>\n<li><a href=\"http:\/\/www.whizz-wheels.de\/\" target=\"_blank\">Whizz Wheels<\/a><\/li>\n<\/ul>\n<p>Bike Parts:<\/p>\n<ul>\n<li><a href=\"http:\/\/www.campagnolo.com\/\" target=\"_blank\">Campagnolo<\/a><\/li>\n<li><a href=\"http:\/\/www.elite-it.com\/\" target=\"_blank\">Elite<\/a><\/li>\n<li><a href=\"http:\/\/www.fullspeedahead.com\/\" target=\"_blank\">FSA<\/a><\/li>\n<li><a href=\"http:\/\/www.lookcycle.com\/\" target=\"_blank\">Look<\/a><\/li>\n<li><a href=\"http:\/\/www.marzocchi.it\/\" target=\"_blank\">Marzzochi<\/a><\/li>\n<li><a href=\"http:\/\/www.miche.it\" target=\"_blank\">Miche<\/a><\/li>\n<li><a href=\"http:\/\/www.ritcheylogic.com\/\" target=\"_blank\">Ritchey<\/a><\/li>\n<li><a href=\"http:\/\/www.rockshox.com\/\" target=\"_blank\">Rock Shox<\/a><\/li>\n<li><a href=\"http:\/\/www.sigmasport.com\" target=\"_blank\">Sigma Sport<\/a><\/li>\n<li><a href=\"http:\/\/www.syntace.de\/\" target=\"_blank\">SKS<\/a><\/li>\n<li><a href=\"http:\/\/www.syntace.de\/\" target=\"_blank\">Syntace<\/a><\/li>\n<li><a href=\"http:\/\/www.tacx.com\/\" target=\"_blank\">Tacx<\/a><\/li>\n<li><a href=\"http:\/\/www.time-sport.com\/\" target=\"_blank\">Time<\/a><\/li>\n<\/ul>\n<p>Bekleidung:<\/p>\n<p>&nbsp;<\/p>\n<ul>\n<li><a href=\"http:\/\/www.met-helmets.com\/\" target=\"_blank\">MET<\/a><\/li>\n<li><a href=\"http:\/\/www.casco-helme.de\/\" target=\"_blank\">Casco<\/a><\/li>\n<li><a href=\"http:\/\/www.mavic.com\/\" target=\"_blank\">Mavic<\/a><\/li>\n<li><a href=\"http:\/\/www.newline.dk\/\" target=\"_blank\">Newline<\/a><\/li>\n<li><a href=\"http:\/\/www.sidisport.com\/\" target=\"_blank\">SIDI<\/a><\/li>\n<\/ul>\n<p>Food:<\/p>\n<ul>\n<li><a href=\"http:\/\/www.sponser.de\/\" target=\"_blank\">Sponser <\/a><\/li>\n<\/ul>\n<p>&#8230; und viele Marken mehr !!!<\/p>\n<p>Ihre <em>Wunsch Marke war nicht dabei &#8211; kein Problem sprechen Sie uns einfach an.<\/em><\/p>\n<p><em><strong>Unsere Linkseite<\/strong><\/em><br \/>\nHier findet man sp\u00e4ter geordnet nach Produktnamen Links zu den Herstellern!<\/p>\n<p><em><strong>Triathlon Linkseite<\/strong><\/em><br \/>\nHier findet man sp\u00e4ter Links zu den Triathlonveranstalltungen!<\/p>\n","protected":false},"excerpt":{"rendered":"<p>Mixed Wetter Der &#8222;Wetter Link&#8220; &#8211; mehr braucht man nicht. DAV &#8211; Deutscher Alpenverein Der DAV biete f\u00fcr alle etwas. DIMB E.V. &#8211; Deutsche Initiative Mountainbike Die DIMB wurde 1997 mit dem Umweltpreis der Fachgruppe Outdoor Ausgezeichnet. Verliehen wurde der &hellip; <a href=\"http:\/\/passion-bike.de\/?page_id=93\">Weiterlesen <span class=\"meta-nav\">&rarr;<\/span><\/a><\/p>\n","protected":false},"author":1,"featured_media":0,"parent":0,"menu_order":70,"comment_status":"closed","ping_status":"closed","template":"","meta":{"footnotes":""},"class_list":["post-93","page","type-page","status-publish","hentry"],"_links":{"self":[{"href":"http:\/\/passion-bike.de\/index.php?rest_route=\/wp\/v2\/pages\/93","targetHints":{"allow":["GET"]}}],"collection":[{"href":"http:\/\/passion-bike.de\/index.php?rest_route=\/wp\/v2\/pages"}],"about":[{"href":"http:\/\/passion-bike.de\/index.php?rest_route=\/wp\/v2\/types\/page"}],"author":[{"embeddable":true,"href":"http:\/\/passion-bike.de\/index.php?rest_route=\/wp\/v2\/users\/1"}],"replies":[{"embeddable":true,"href":"http:\/\/passion-bike.de\/index.php?rest_route=%2Fwp%2Fv2%2Fcomments&post=93"}],"version-history":[{"count":7,"href":"http:\/\/passion-bike.de\/index.php?rest_route=\/wp\/v2\/pages\/93\/revisions"}],"predecessor-version":[{"id":542,"href":"http:\/\/passion-bike.de\/index.php?rest_route=\/wp\/v2\/pages\/93\/revisions\/542"}],"wp:attachment":[{"href":"http:\/\/passion-bike.de\/index.php?rest_route=%2Fwp%2Fv2%2Fmedia&parent=93"}],"curies":[{"name":"wp","href":"https:\/\/api.w.org\/{rel}","templated":true}]}}